{"id":666,"date":"2023-06-21T14:45:29","date_gmt":"2023-06-21T12:45:29","guid":{"rendered":"http:\/\/sophromichele.fr\/?page_id=666"},"modified":"2024-06-12T12:29:48","modified_gmt":"2024-06-12T10:29:48","slug":"sophro-atypique","status":"publish","type":"page","link":"http:\/\/sophromichele.fr\/index.php\/sophro-atypique\/","title":{"rendered":"Sophro Atypique"},"content":{"rendered":"\t\t<div data-elementor-type=\"wp-page\" data-elementor-id=\"666\" class=\"elementor elementor-666\">\n\t\t\t\t\t\t<section class=\"elementor-section elementor-top-section elementor-element elementor-element-8dec413 elementor-section-boxed elementor-section-height-default elementor-section-height-default\" data-id=\"8dec413\" data-element_type=\"section\" data-e-type=\"section\">\n\t\t\t\t\t\t<div class=\"elementor-container elementor-column-gap-default\">\n\t\t\t\t\t<div class=\"elementor-column elementor-col-100 elementor-top-column elementor-element elementor-element-ee20154\" data-id=\"ee20154\" data-element_type=\"column\" data-e-type=\"column\">\n\t\t\t<div class=\"elementor-widget-wrap elementor-element-populated\">\n\t\t\t\t\t\t<div class=\"elementor-element elementor-element-288a4e2 elementor-drop-cap-yes elementor-drop-cap-view-default elementor-widget elementor-widget-text-editor\" data-id=\"288a4e2\" data-element_type=\"widget\" data-e-type=\"widget\" data-settings=\"{&quot;drop_cap&quot;:&quot;yes&quot;}\" data-widget_type=\"text-editor.default\">\n\t\t\t\t<div class=\"elementor-widget-container\">\n\t\t\t\t\t\t\t\t\t<p><span class=\"elementor-drop-cap\"><span class=\"elementor-drop-cap-letter\">L<\/span><\/span>\u2019enfant neuroatypique pr\u00e9sente des\u00a0<strong>troubles de l\u2019apprentissage<\/strong>\u00a0(DYS, TDA\/H) ou un\u00a0<strong>fonctionnement particulier<\/strong>\u00a0(HP, Hypersensiblit\u00e9 \u2026).<\/p><p>Les difficult\u00e9s li\u00e9es \u00e0 l\u2019anxi\u00e9t\u00e9, la confiance ou l\u2019estime de soi, la gestion des \u00e9motions, de la\u00a0 concentration \u2026 ponctuent le quotidien.\u00a0<\/p><p>Des difficult\u00e9s peuvent \u00e9merger dans le cadre scolaire, mais \u00e9galement au sein du cercle familial ou social. L\u2019enfant se sent alors incompris, diff\u00e9rent des autres enfants.\u00a0<\/p><p>Dans le quotidien de l\u2019adulte atypique, des difficult\u00e9s peuvent \u00e9galement se pr\u00e9senter avec le sentiment de d\u00e9calage avec l\u2019environnement. Ces situations sont <a href=\"https:\/\/www.resalib.fr\/page\/sophrologie\/guide\">sources d\u2019anxi\u00e9t\u00e9<\/a> et \u00e9nergivores ce qui am\u00e8ne, fatigue, stress voir d\u00e9pression.<\/p><p><strong>Enfant, adulte,<\/strong>\u00a0ces particularit\u00e9s n\u00e9cessitent\u00a0<strong>de mettre en place des strat\u00e9gies adaptatives<\/strong>\u00a0afin de rendre les situations difficiles \u00e0 vivre, supportables.\u00a0<\/p><p>Les parents d\u2019enfants atypiques peuvent aussi se sentir d\u00e9munis face \u00e0 leur enfant.\u00a0<\/p><p>Le regard, les attentes, les incompr\u00e9hensions des autres face \u00e0 leur enfant, \u00e0 eux m\u00eame, demandent beaucoup de ressources pour palier aux obstacles qu\u2019ils peuvent rencontrer.<\/p>\t\t\t\t\t\t\t\t<\/div>\n\t\t\t\t<\/div>\n\t\t\t\t\t<\/div>\n\t\t<\/div>\n\t\t\t\t\t<\/div>\n\t\t<\/section>\n\t\t\t\t<section class=\"elementor-section elementor-top-section elementor-element elementor-element-e18f8bc elementor-section-boxed elementor-section-height-default elementor-section-height-default\" data-id=\"e18f8bc\" data-element_type=\"section\" data-e-type=\"section\">\n\t\t\t\t\t\t<div class=\"elementor-container elementor-column-gap-default\">\n\t\t\t\t\t<div class=\"elementor-column elementor-col-100 elementor-top-column elementor-element elementor-element-e43a3bf\" data-id=\"e43a3bf\" data-element_type=\"column\" data-e-type=\"column\">\n\t\t\t<div class=\"elementor-widget-wrap elementor-element-populated\">\n\t\t\t\t\t\t<div class=\"elementor-element elementor-element-333fc41 elementor-widget elementor-widget-video\" data-id=\"333fc41\" data-element_type=\"widget\" data-e-type=\"widget\" data-settings=\"{&quot;youtube_url&quot;:&quot;https:\\\/\\\/youtu.be\\\/3R1NIvntDDA&quot;,&quot;video_type&quot;:&quot;youtube&quot;,&quot;controls&quot;:&quot;yes&quot;}\" data-widget_type=\"video.default\">\n\t\t\t\t<div class=\"elementor-widget-container\">\n\t\t\t\t\t\t\t<div class=\"elementor-wrapper elementor-open-inline\">\n\t\t\t<div class=\"elementor-video\"><\/div>\t\t<\/div>\n\t\t\t\t\t\t<\/div>\n\t\t\t\t<\/div>\n\t\t\t\t\t<\/div>\n\t\t<\/div>\n\t\t\t\t\t<\/div>\n\t\t<\/section>\n\t\t\t\t<\/div>\n\t\t","protected":false},"excerpt":{"rendered":"<p>L\u2019enfant neuroatypique pr\u00e9sente des\u00a0troubles de l\u2019apprentissage\u00a0(DYS, TDA\/H) ou un\u00a0fonctionnement particulier\u00a0(HP, Hypersensiblit\u00e9 \u2026). Les difficult\u00e9s li\u00e9es \u00e0 l\u2019anxi\u00e9t\u00e9, la confiance ou l\u2019estime de soi, la gestion des \u00e9motions, de la\u00a0 concentration \u2026 ponctuent le quotidien.\u00a0 Des difficult\u00e9s peuvent \u00e9merger dans le cadre scolaire, mais \u00e9galement au sein du cercle familial ou social. L\u2019enfant se sent alors incompris, diff\u00e9rent des autres enfants.\u00a0 Dans le quotidien de l\u2019adulte atypique, des difficult\u00e9s peuvent \u00e9galement se pr\u00e9senter avec le sentiment de d\u00e9calage avec l\u2019environnement. Ces situations sont sources d\u2019anxi\u00e9t\u00e9 et \u00e9nergivores ce qui am\u00e8ne, fatigue, stress voir d\u00e9pression. Enfant, adulte,\u00a0ces particularit\u00e9s n\u00e9cessitent\u00a0de mettre en place des strat\u00e9gies adaptatives\u00a0afin de rendre les situations difficiles \u00e0 vivre, supportables.\u00a0 Les parents d\u2019enfants atypiques peuvent aussi se sentir d\u00e9munis face \u00e0 leur enfant.\u00a0 Le regard, les attentes, les incompr\u00e9hensions des autres face \u00e0 leur enfant, \u00e0 eux m\u00eame, demandent beaucoup de ressources pour palier aux obstacles qu\u2019ils peuvent rencontrer. https:\/\/youtu.be\/3R1NIvntDDA<\/p>\n","protected":false},"author":1,"featured_media":0,"parent":0,"menu_order":0,"comment_status":"closed","ping_status":"closed","template":"","meta":{"footnotes":""},"class_list":["post-666","page","type-page","status-publish","hentry"],"_links":{"self":[{"href":"http:\/\/sophromichele.fr\/index.php\/wp-json\/wp\/v2\/pages\/666","targetHints":{"allow":["GET"]}}],"collection":[{"href":"http:\/\/sophromichele.fr\/index.php\/wp-json\/wp\/v2\/pages"}],"about":[{"href":"http:\/\/sophromichele.fr\/index.php\/wp-json\/wp\/v2\/types\/page"}],"author":[{"embeddable":true,"href":"http:\/\/sophromichele.fr\/index.php\/wp-json\/wp\/v2\/users\/1"}],"replies":[{"embeddable":true,"href":"http:\/\/sophromichele.fr\/index.php\/wp-json\/wp\/v2\/comments?post=666"}],"version-history":[{"count":22,"href":"http:\/\/sophromichele.fr\/index.php\/wp-json\/wp\/v2\/pages\/666\/revisions"}],"predecessor-version":[{"id":1190,"href":"http:\/\/sophromichele.fr\/index.php\/wp-json\/wp\/v2\/pages\/666\/revisions\/1190"}],"wp:attachment":[{"href":"http:\/\/sophromichele.fr\/index.php\/wp-json\/wp\/v2\/media?parent=666"}],"curies":[{"name":"wp","href":"https:\/\/api.w.org\/{rel}","templated":true}]}}