{"id":25,"date":"2023-06-13T18:12:18","date_gmt":"2023-06-13T16:12:18","guid":{"rendered":"http:\/\/sophromichele.fr\/?page_id=25"},"modified":"2024-08-23T14:54:39","modified_gmt":"2024-08-23T12:54:39","slug":"accueil","status":"publish","type":"page","link":"https:\/\/sophromichele.fr\/","title":{"rendered":"Accueil"},"content":{"rendered":"\t\t<div data-elementor-type=\"wp-page\" data-elementor-id=\"25\" class=\"elementor elementor-25\">\n\t\t\t\t\t\t<section class=\"elementor-section elementor-top-section elementor-element elementor-element-3afe2cd elementor-section-boxed elementor-section-height-default elementor-section-height-default\" data-id=\"3afe2cd\" data-element_type=\"section\" data-e-type=\"section\">\n\t\t\t\t\t\t<div class=\"elementor-container elementor-column-gap-default\">\n\t\t\t\t\t<div class=\"elementor-column elementor-col-100 elementor-top-column elementor-element elementor-element-97cf794\" data-id=\"97cf794\" data-element_type=\"column\" data-e-type=\"column\">\n\t\t\t<div class=\"elementor-widget-wrap elementor-element-populated\">\n\t\t\t\t\t\t<div class=\"elementor-element elementor-element-53f727f elementor-widget elementor-widget-spacer\" data-id=\"53f727f\" data-element_type=\"widget\" data-e-type=\"widget\" data-widget_type=\"spacer.default\">\n\t\t\t\t<div class=\"elementor-widget-container\">\n\t\t\t\t\t\t\t<div class=\"elementor-spacer\">\n\t\t\t<div class=\"elementor-spacer-inner\"><\/div>\n\t\t<\/div>\n\t\t\t\t\t\t<\/div>\n\t\t\t\t<\/div>\n\t\t\t\t\t<\/div>\n\t\t<\/div>\n\t\t\t\t\t<\/div>\n\t\t<\/section>\n\t\t\t\t<section class=\"elementor-section elementor-top-section elementor-element elementor-element-d77364c elementor-section-boxed elementor-section-height-default elementor-section-height-default\" data-id=\"d77364c\" data-element_type=\"section\" data-e-type=\"section\">\n\t\t\t\t\t\t<div class=\"elementor-container elementor-column-gap-default\">\n\t\t\t\t\t<div class=\"elementor-column elementor-col-33 elementor-top-column elementor-element elementor-element-511094b\" data-id=\"511094b\" data-element_type=\"column\" data-e-type=\"column\">\n\t\t\t<div class=\"elementor-widget-wrap elementor-element-populated\">\n\t\t\t\t\t\t<div class=\"elementor-element elementor-element-3ba1b0e elementor-widget elementor-widget-image\" data-id=\"3ba1b0e\" data-element_type=\"widget\" data-e-type=\"widget\" data-widget_type=\"image.default\">\n\t\t\t\t<div class=\"elementor-widget-container\">\n\t\t\t\t\t\t\t\t\t\t\t\t<figure class=\"wp-caption\">\n\t\t\t\t\t\t\t\t\t\t<img fetchpriority=\"high\" decoding=\"async\" width=\"300\" height=\"300\" src=\"https:\/\/sophromichele.fr\/wp-content\/uploads\/2024\/08\/438158195_448468974497630_3868370587745443808_n-300x300.jpg\" class=\"attachment-bard-list-thumbnail size-bard-list-thumbnail wp-image-1211\" alt=\"\" srcset=\"https:\/\/sophromichele.fr\/wp-content\/uploads\/2024\/08\/438158195_448468974497630_3868370587745443808_n-300x300.jpg 300w, https:\/\/sophromichele.fr\/wp-content\/uploads\/2024\/08\/438158195_448468974497630_3868370587745443808_n-150x150.jpg 150w, https:\/\/sophromichele.fr\/wp-content\/uploads\/2024\/08\/438158195_448468974497630_3868370587745443808_n-75x75.jpg 75w\" sizes=\"(max-width: 300px) 100vw, 300px\" \/>\t\t\t\t\t\t\t\t\t\t\t<figcaption class=\"widget-image-caption wp-caption-text\">Mich\u00e8le LATRON<\/figcaption>\n\t\t\t\t\t\t\t\t\t\t<\/figure>\n\t\t\t\t\t\t\t\t\t<\/div>\n\t\t\t\t<\/div>\n\t\t\t\t\t<\/div>\n\t\t<\/div>\n\t\t\t\t<div class=\"elementor-column elementor-col-66 elementor-top-column elementor-element elementor-element-448fb9e\" data-id=\"448fb9e\" data-element_type=\"column\" data-e-type=\"column\">\n\t\t\t<div class=\"elementor-widget-wrap elementor-element-populated\">\n\t\t\t\t\t\t<div class=\"elementor-element elementor-element-e0dab4d elementor-drop-cap-yes elementor-drop-cap-view-default elementor-widget elementor-widget-text-editor\" data-id=\"e0dab4d\" data-element_type=\"widget\" data-e-type=\"widget\" data-settings=\"{&quot;drop_cap&quot;:&quot;yes&quot;}\" data-widget_type=\"text-editor.default\">\n\t\t\t\t<div class=\"elementor-widget-container\">\n\t\t\t\t\t\t\t\t\t<p>\u00a0<\/p><p><span style=\"vertical-align: inherit;\"><span style=\"vertical-align: inherit;\">En tant que th\u00e9rapeute et dans le prolongement de mon m\u00e9tier initial d&rsquo;\u00e9ducatrice de jeunes enfants, j&rsquo;ai \u00e0 c\u0153ur d&rsquo;accompagner individuellement chaque personne le souhaitant. <\/span><span style=\"vertical-align: inherit;\">Chaque \u00eatre, chaque famille fait en fonction de son bagage, de son histoire&#8230; et de ses limites. <\/span><span style=\"vertical-align: inherit;\">Je souhaite que chacun puisse donner le meilleur de soi et se rassurer sur le fait qu&rsquo;il n&rsquo;y a pas de recette \u00e9ducative. <\/span><span style=\"vertical-align: inherit;\">Il me parait important, qu&rsquo;il puisse \u00eatre donn\u00e9 l&rsquo;occasion d&rsquo;\u00e9changes privil\u00e9gi\u00e9s, personnalis\u00e9s, o\u00f9 durant la s\u00e9ance, l&rsquo;enfant, l&rsquo;adolescent ou encore l&rsquo;adulte se sente quelqu&rsquo;un \u00e0 part enti\u00e8re. <\/span><span style=\"vertical-align: inherit;\">Je souhaite faire de mon cabinet, une parenth\u00e8se de bien-\u00eatre. <\/span><span style=\"vertical-align: inherit;\">Un endroit, o\u00f9 chaque personne pourra ne penser qu&rsquo;\u00e0 elle et \u00e0 ce qu&rsquo;elle aimerait pour elle.\u00a0<\/span><\/span><\/p><p>\u00a0\u00a0<\/p><p><span style=\"vertical-align: inherit;\"><span style=\"vertical-align: inherit;\">\u00a0<\/span><\/span><\/p>\t\t\t\t\t\t\t\t<\/div>\n\t\t\t\t<\/div>\n\t\t\t\t\t<\/div>\n\t\t<\/div>\n\t\t\t\t\t<\/div>\n\t\t<\/section>\n\t\t\t\t<section class=\"elementor-section elementor-top-section elementor-element elementor-element-fd4a2b1 elementor-section-boxed elementor-section-height-default elementor-section-height-default\" data-id=\"fd4a2b1\" data-element_type=\"section\" data-e-type=\"section\">\n\t\t\t\t\t\t<div class=\"elementor-container elementor-column-gap-default\">\n\t\t\t\t\t<div class=\"elementor-column elementor-col-100 elementor-top-column elementor-element elementor-element-7b69a96\" data-id=\"7b69a96\" data-element_type=\"column\" data-e-type=\"column\">\n\t\t\t<div class=\"elementor-widget-wrap elementor-element-populated\">\n\t\t\t\t\t\t<div class=\"elementor-element elementor-element-5f0f52c elementor-widget elementor-widget-spacer\" data-id=\"5f0f52c\" data-element_type=\"widget\" data-e-type=\"widget\" data-widget_type=\"spacer.default\">\n\t\t\t\t<div class=\"elementor-widget-container\">\n\t\t\t\t\t\t\t<div class=\"elementor-spacer\">\n\t\t\t<div class=\"elementor-spacer-inner\"><\/div>\n\t\t<\/div>\n\t\t\t\t\t\t<\/div>\n\t\t\t\t<\/div>\n\t\t\t\t\t<\/div>\n\t\t<\/div>\n\t\t\t\t\t<\/div>\n\t\t<\/section>\n\t\t\t\t<section class=\"elementor-section elementor-top-section elementor-element elementor-element-f8cdb2b elementor-section-boxed elementor-section-height-default elementor-section-height-default\" data-id=\"f8cdb2b\" data-element_type=\"section\" data-e-type=\"section\">\n\t\t\t\t\t\t<div class=\"elementor-container elementor-column-gap-default\">\n\t\t\t\t\t<div class=\"elementor-column elementor-col-25 elementor-top-column elementor-element elementor-element-e2cc986\" data-id=\"e2cc986\" data-element_type=\"column\" data-e-type=\"column\">\n\t\t\t<div class=\"elementor-widget-wrap elementor-element-populated\">\n\t\t\t\t\t\t<div class=\"elementor-element elementor-element-4042547 elementor-widget elementor-widget-heading\" data-id=\"4042547\" data-element_type=\"widget\" data-e-type=\"widget\" data-widget_type=\"heading.default\">\n\t\t\t\t<div class=\"elementor-widget-container\">\n\t\t\t\t\t<h2 class=\"elementor-heading-title elementor-size-small\">Qu'est ce que la sophrologie ?\n<\/h2>\t\t\t\t<\/div>\n\t\t\t\t<\/div>\n\t\t\t\t\t<\/div>\n\t\t<\/div>\n\t\t\t\t<div class=\"elementor-column elementor-col-25 elementor-top-column elementor-element elementor-element-809f256\" data-id=\"809f256\" data-element_type=\"column\" data-e-type=\"column\">\n\t\t\t<div class=\"elementor-widget-wrap elementor-element-populated\">\n\t\t\t\t\t\t<div class=\"elementor-element elementor-element-58bdd5c elementor-widget elementor-widget-heading\" data-id=\"58bdd5c\" data-element_type=\"widget\" data-e-type=\"widget\" data-widget_type=\"heading.default\">\n\t\t\t\t<div class=\"elementor-widget-container\">\n\t\t\t\t\t<h2 class=\"elementor-heading-title elementor-size-medium\">A qui s'adresse-t-elle ?<\/h2>\t\t\t\t<\/div>\n\t\t\t\t<\/div>\n\t\t\t\t\t<\/div>\n\t\t<\/div>\n\t\t\t\t<div class=\"elementor-column elementor-col-25 elementor-top-column elementor-element elementor-element-ebea435\" data-id=\"ebea435\" data-element_type=\"column\" data-e-type=\"column\">\n\t\t\t<div class=\"elementor-widget-wrap elementor-element-populated\">\n\t\t\t\t\t\t<div class=\"elementor-element elementor-element-e9d154b elementor-widget elementor-widget-heading\" data-id=\"e9d154b\" data-element_type=\"widget\" data-e-type=\"widget\" data-widget_type=\"heading.default\">\n\t\t\t\t<div class=\"elementor-widget-container\">\n\t\t\t\t\t<h2 class=\"elementor-heading-title elementor-size-default\">Pour quelles raisons ?<\/h2>\t\t\t\t<\/div>\n\t\t\t\t<\/div>\n\t\t\t\t\t<\/div>\n\t\t<\/div>\n\t\t\t\t<div class=\"elementor-column elementor-col-25 elementor-top-column elementor-element elementor-element-64e9200\" data-id=\"64e9200\" data-element_type=\"column\" data-e-type=\"column\">\n\t\t\t<div class=\"elementor-widget-wrap elementor-element-populated\">\n\t\t\t\t\t\t<div class=\"elementor-element elementor-element-98fbb65 elementor-widget elementor-widget-heading\" data-id=\"98fbb65\" data-element_type=\"widget\" data-e-type=\"widget\" data-widget_type=\"heading.default\">\n\t\t\t\t<div class=\"elementor-widget-container\">\n\t\t\t\t\t<h2 class=\"elementor-heading-title elementor-size-default\">Comment \u00e7a se passe ?<\/h2>\t\t\t\t<\/div>\n\t\t\t\t<\/div>\n\t\t\t\t\t<\/div>\n\t\t<\/div>\n\t\t\t\t\t<\/div>\n\t\t<\/section>\n\t\t\t\t<section class=\"elementor-section elementor-top-section elementor-element elementor-element-ce9d04a elementor-section-boxed elementor-section-height-default elementor-section-height-default\" data-id=\"ce9d04a\" data-element_type=\"section\" data-e-type=\"section\">\n\t\t\t\t\t\t<div class=\"elementor-container elementor-column-gap-default\">\n\t\t\t\t\t<div class=\"elementor-column elementor-col-25 elementor-top-column elementor-element elementor-element-d03c2c0\" data-id=\"d03c2c0\" data-element_type=\"column\" data-e-type=\"column\">\n\t\t\t<div class=\"elementor-widget-wrap elementor-element-populated\">\n\t\t\t\t\t\t<div class=\"elementor-element elementor-element-1b246e7 elementor-drop-cap-yes elementor-drop-cap-view-default elementor-widget elementor-widget-text-editor\" data-id=\"1b246e7\" data-element_type=\"widget\" data-e-type=\"widget\" data-settings=\"{&quot;drop_cap&quot;:&quot;yes&quot;}\" data-widget_type=\"text-editor.default\">\n\t\t\t\t<div class=\"elementor-widget-container\">\n\t\t\t\t\t\t\t\t\t<p>La sophrologie est un outil exclusivement verbal.<\/p><p><a href=\"http:\/\/sophromichele.fr\/index.php\/sophrologie\/\" target=\"_blank\" rel=\"noopener\">En savoir plus &#8230;<\/a><\/p>\t\t\t\t\t\t\t\t<\/div>\n\t\t\t\t<\/div>\n\t\t\t\t\t<\/div>\n\t\t<\/div>\n\t\t\t\t<div class=\"elementor-column elementor-col-25 elementor-top-column elementor-element elementor-element-ac2a433\" data-id=\"ac2a433\" data-element_type=\"column\" data-e-type=\"column\">\n\t\t\t<div class=\"elementor-widget-wrap elementor-element-populated\">\n\t\t\t\t\t\t<div class=\"elementor-element elementor-element-c3f16de elementor-drop-cap-yes elementor-drop-cap-view-default elementor-widget elementor-widget-text-editor\" data-id=\"c3f16de\" data-element_type=\"widget\" data-e-type=\"widget\" data-settings=\"{&quot;drop_cap&quot;:&quot;yes&quot;}\" data-widget_type=\"text-editor.default\">\n\t\t\t\t<div class=\"elementor-widget-container\">\n\t\t\t\t\t\t\t\t\t<p>La sophrologie est accessible aux personnes de tout \u00e2ge,\u00a0<\/p><p><a href=\"http:\/\/sophromichele.fr\/index.php\/sophrologie\/\" target=\"_blank\" rel=\"noopener\">En savoir plus &#8230;<\/a><\/p>\t\t\t\t\t\t\t\t<\/div>\n\t\t\t\t<\/div>\n\t\t\t\t\t<\/div>\n\t\t<\/div>\n\t\t\t\t<div class=\"elementor-column elementor-col-25 elementor-top-column elementor-element elementor-element-9f6c604\" data-id=\"9f6c604\" data-element_type=\"column\" data-e-type=\"column\">\n\t\t\t<div class=\"elementor-widget-wrap elementor-element-populated\">\n\t\t\t\t\t\t<div class=\"elementor-element elementor-element-7bb70a5 elementor-drop-cap-yes elementor-drop-cap-view-default elementor-widget elementor-widget-text-editor\" data-id=\"7bb70a5\" data-element_type=\"widget\" data-e-type=\"widget\" data-settings=\"{&quot;drop_cap&quot;:&quot;yes&quot;}\" data-widget_type=\"text-editor.default\">\n\t\t\t\t<div class=\"elementor-widget-container\">\n\t\t\t\t\t\t\t\t\t<p>Elle mobilise les capacit\u00e9s et ressources qui existent en chacun.\u00a0<\/p><p><a href=\"http:\/\/sophromichele.fr\/index.php\/sophrologie\/\" target=\"_blank\" rel=\"noopener\">En savoir plus &#8230;<\/a><\/p>\t\t\t\t\t\t\t\t<\/div>\n\t\t\t\t<\/div>\n\t\t\t\t\t<\/div>\n\t\t<\/div>\n\t\t\t\t<div class=\"elementor-column elementor-col-25 elementor-top-column elementor-element elementor-element-426a928\" data-id=\"426a928\" data-element_type=\"column\" data-e-type=\"column\">\n\t\t\t<div class=\"elementor-widget-wrap elementor-element-populated\">\n\t\t\t\t\t\t<div class=\"elementor-element elementor-element-6503651 elementor-drop-cap-yes elementor-drop-cap-view-default elementor-widget elementor-widget-text-editor\" data-id=\"6503651\" data-element_type=\"widget\" data-e-type=\"widget\" data-settings=\"{&quot;drop_cap&quot;:&quot;yes&quot;}\" data-widget_type=\"text-editor.default\">\n\t\t\t\t<div class=\"elementor-widget-container\">\n\t\t\t\t\t\t\t\t\t<p>Sur rendez vous uniquement.\u00a0 Les s\u00e9ances durent 1 heure.<\/p><p><a href=\"http:\/\/sophromichele.fr\/index.php\/comment-se-passe-la-seance\/\" target=\"_blank\" rel=\"noopener\">En savoir plus &#8230;\u00a0<\/a><\/p>\t\t\t\t\t\t\t\t<\/div>\n\t\t\t\t<\/div>\n\t\t\t\t\t<\/div>\n\t\t<\/div>\n\t\t\t\t\t<\/div>\n\t\t<\/section>\n\t\t\t\t<section class=\"elementor-section elementor-top-section elementor-element elementor-element-89e7dfd elementor-section-boxed elementor-section-height-default elementor-section-height-default\" data-id=\"89e7dfd\" data-element_type=\"section\" data-e-type=\"section\">\n\t\t\t\t\t\t<div class=\"elementor-container elementor-column-gap-default\">\n\t\t\t\t\t<div class=\"elementor-column elementor-col-100 elementor-top-column elementor-element elementor-element-d598c4e\" data-id=\"d598c4e\" data-element_type=\"column\" data-e-type=\"column\">\n\t\t\t<div class=\"elementor-widget-wrap elementor-element-populated\">\n\t\t\t\t\t\t<div class=\"elementor-element elementor-element-684dd32 elementor-widget elementor-widget-spacer\" data-id=\"684dd32\" data-element_type=\"widget\" data-e-type=\"widget\" data-widget_type=\"spacer.default\">\n\t\t\t\t<div class=\"elementor-widget-container\">\n\t\t\t\t\t\t\t<div class=\"elementor-spacer\">\n\t\t\t<div class=\"elementor-spacer-inner\"><\/div>\n\t\t<\/div>\n\t\t\t\t\t\t<\/div>\n\t\t\t\t<\/div>\n\t\t\t\t\t<\/div>\n\t\t<\/div>\n\t\t\t\t\t<\/div>\n\t\t<\/section>\n\t\t\t\t<section class=\"elementor-section elementor-top-section elementor-element elementor-element-b2de9b0 elementor-section-boxed elementor-section-height-default elementor-section-height-default\" data-id=\"b2de9b0\" data-element_type=\"section\" data-e-type=\"section\">\n\t\t\t\t\t\t<div class=\"elementor-container elementor-column-gap-default\">\n\t\t\t\t\t<div class=\"elementor-column elementor-col-100 elementor-top-column elementor-element elementor-element-f1d2d3c\" data-id=\"f1d2d3c\" data-element_type=\"column\" data-e-type=\"column\">\n\t\t\t<div class=\"elementor-widget-wrap elementor-element-populated\">\n\t\t\t\t\t\t<div class=\"elementor-element elementor-element-49c3434 elementor-widget elementor-widget-heading\" data-id=\"49c3434\" data-element_type=\"widget\" data-e-type=\"widget\" data-widget_type=\"heading.default\">\n\t\t\t\t<div class=\"elementor-widget-container\">\n\t\t\t\t\t<h2 class=\"elementor-heading-title elementor-size-default\">Mes sp\u00e9cialit\u00e9s<\/h2>\t\t\t\t<\/div>\n\t\t\t\t<\/div>\n\t\t\t\t\t<\/div>\n\t\t<\/div>\n\t\t\t\t\t<\/div>\n\t\t<\/section>\n\t\t\t\t<section class=\"elementor-section elementor-top-section elementor-element elementor-element-e80f45b elementor-section-boxed elementor-section-height-default elementor-section-height-default\" data-id=\"e80f45b\" data-element_type=\"section\" data-e-type=\"section\">\n\t\t\t\t\t\t<div class=\"elementor-container elementor-column-gap-default\">\n\t\t\t\t\t<div class=\"elementor-column elementor-col-100 elementor-top-column elementor-element elementor-element-d8c8b42\" data-id=\"d8c8b42\" data-element_type=\"column\" data-e-type=\"column\">\n\t\t\t<div class=\"elementor-widget-wrap elementor-element-populated\">\n\t\t\t\t\t\t<div class=\"elementor-element elementor-element-9c981a2 elementor-widget elementor-widget-spacer\" data-id=\"9c981a2\" data-element_type=\"widget\" data-e-type=\"widget\" data-widget_type=\"spacer.default\">\n\t\t\t\t<div class=\"elementor-widget-container\">\n\t\t\t\t\t\t\t<div class=\"elementor-spacer\">\n\t\t\t<div class=\"elementor-spacer-inner\"><\/div>\n\t\t<\/div>\n\t\t\t\t\t\t<\/div>\n\t\t\t\t<\/div>\n\t\t\t\t\t<\/div>\n\t\t<\/div>\n\t\t\t\t\t<\/div>\n\t\t<\/section>\n\t\t\t\t<section class=\"elementor-section elementor-top-section elementor-element elementor-element-ec6c343 elementor-section-boxed elementor-section-height-default elementor-section-height-default\" data-id=\"ec6c343\" data-element_type=\"section\" data-e-type=\"section\">\n\t\t\t\t\t\t<div class=\"elementor-container elementor-column-gap-default\">\n\t\t\t\t\t<div class=\"elementor-column elementor-col-50 elementor-top-column elementor-element elementor-element-4f22b23\" data-id=\"4f22b23\" data-element_type=\"column\" data-e-type=\"column\">\n\t\t\t<div class=\"elementor-widget-wrap elementor-element-populated\">\n\t\t\t\t\t\t<div class=\"elementor-element elementor-element-9b9469a elementor-position-top elementor-widget elementor-widget-image-box\" data-id=\"9b9469a\" data-element_type=\"widget\" data-e-type=\"widget\" data-widget_type=\"image-box.default\">\n\t\t\t\t<div class=\"elementor-widget-container\">\n\t\t\t\t\t<div class=\"elementor-image-box-wrapper\"><figure class=\"elementor-image-box-img\"><a href=\"http:\/\/sophromichele.fr\/index.php\/sophro-atypique\/\" target=\"_blank\" tabindex=\"-1\"><img decoding=\"async\" width=\"960\" height=\"831\" src=\"https:\/\/sophromichele.fr\/wp-content\/uploads\/2024\/01\/transparent-1-1024x886.png\" class=\"attachment-large size-large wp-image-1143\" alt=\"\" srcset=\"https:\/\/sophromichele.fr\/wp-content\/uploads\/2024\/01\/transparent-1-1024x886.png 1024w, https:\/\/sophromichele.fr\/wp-content\/uploads\/2024\/01\/transparent-1-300x260.png 300w, https:\/\/sophromichele.fr\/wp-content\/uploads\/2024\/01\/transparent-1-768x665.png 768w, https:\/\/sophromichele.fr\/wp-content\/uploads\/2024\/01\/transparent-1-1140x986.png 1140w, https:\/\/sophromichele.fr\/wp-content\/uploads\/2024\/01\/transparent-1.png 1262w\" sizes=\"(max-width: 960px) 100vw, 960px\" \/><\/a><\/figure><div class=\"elementor-image-box-content\"><h3 class=\"elementor-image-box-title\"><a href=\"http:\/\/sophromichele.fr\/index.php\/sophro-atypique\/\" target=\"_blank\">Sophro Atypiques <\/a><\/h3><p class=\"elementor-image-box-description\">L'enfant atypique pr\u00e9sente des troubles de l'apprentissage (DYS, TDA\/H) ou un fonctionnement particulier (HP, hypersensibilit\u00e9 ...) <\/p><\/div><\/div>\t\t\t\t<\/div>\n\t\t\t\t<\/div>\n\t\t\t\t\t<\/div>\n\t\t<\/div>\n\t\t\t\t<div class=\"elementor-column elementor-col-50 elementor-top-column elementor-element elementor-element-ef5552a\" data-id=\"ef5552a\" data-element_type=\"column\" data-e-type=\"column\">\n\t\t\t<div class=\"elementor-widget-wrap elementor-element-populated\">\n\t\t\t\t\t\t<div class=\"elementor-element elementor-element-bff4035 elementor-position-top elementor-widget elementor-widget-image-box\" data-id=\"bff4035\" data-element_type=\"widget\" data-e-type=\"widget\" data-widget_type=\"image-box.default\">\n\t\t\t\t<div class=\"elementor-widget-container\">\n\t\t\t\t\t<div class=\"elementor-image-box-wrapper\"><figure class=\"elementor-image-box-img\"><img decoding=\"async\" width=\"768\" height=\"576\" src=\"https:\/\/sophromichele.fr\/wp-content\/uploads\/2023\/06\/P4020028-768x576.jpg\" class=\"attachment-medium_large size-medium_large wp-image-160\" alt=\"\" srcset=\"https:\/\/sophromichele.fr\/wp-content\/uploads\/2023\/06\/P4020028-768x576.jpg 768w, https:\/\/sophromichele.fr\/wp-content\/uploads\/2023\/06\/P4020028-300x225.jpg 300w, https:\/\/sophromichele.fr\/wp-content\/uploads\/2023\/06\/P4020028-1024x768.jpg 1024w, https:\/\/sophromichele.fr\/wp-content\/uploads\/2023\/06\/P4020028-1536x1152.jpg 1536w, https:\/\/sophromichele.fr\/wp-content\/uploads\/2023\/06\/P4020028-2048x1536.jpg 2048w, https:\/\/sophromichele.fr\/wp-content\/uploads\/2023\/06\/P4020028-1140x855.jpg 1140w\" sizes=\"(max-width: 768px) 100vw, 768px\" \/><\/figure><div class=\"elementor-image-box-content\"><h3 class=\"elementor-image-box-title\">Carnet de Deuil<\/h3><p class=\"elementor-image-box-description\">Le deuil s'ouvre \u00e0 toute perte d\u00e9finitive dans une vie .<\/p><\/div><\/div>\t\t\t\t<\/div>\n\t\t\t\t<\/div>\n\t\t\t\t\t<\/div>\n\t\t<\/div>\n\t\t\t\t\t<\/div>\n\t\t<\/section>\n\t\t\t\t<section class=\"elementor-section elementor-top-section elementor-element elementor-element-4fdea1a elementor-section-boxed elementor-section-height-default elementor-section-height-default\" data-id=\"4fdea1a\" data-element_type=\"section\" data-e-type=\"section\">\n\t\t\t\t\t\t<div class=\"elementor-container elementor-column-gap-default\">\n\t\t\t\t\t<div class=\"elementor-column elementor-col-50 elementor-top-column elementor-element elementor-element-3eadefe\" data-id=\"3eadefe\" data-element_type=\"column\" data-e-type=\"column\">\n\t\t\t<div class=\"elementor-widget-wrap elementor-element-populated\">\n\t\t\t\t\t\t<div class=\"elementor-element elementor-element-97458da elementor-widget elementor-widget-text-editor\" data-id=\"97458da\" data-element_type=\"widget\" data-e-type=\"widget\" data-widget_type=\"text-editor.default\">\n\t\t\t\t<div class=\"elementor-widget-container\">\n\t\t\t\t\t\t\t\t\t<p><a href=\"http:\/\/sophromichele.fr\/index.php\/sophro-atypique\/\" target=\"_blank\" rel=\"noopener\"><span style=\"vertical-align: inherit;\"><span style=\"vertical-align: inherit;\"><span style=\"vertical-align: inherit;\"><span style=\"vertical-align: inherit;\"><span style=\"vertical-align: inherit;\"><span style=\"vertical-align: inherit;\"><span style=\"vertical-align: inherit;\"><span style=\"vertical-align: inherit;\">En savoir plus&#8230;<\/span><\/span><\/span><\/span><\/span><\/span><\/span><\/span><\/a><\/p>\t\t\t\t\t\t\t\t<\/div>\n\t\t\t\t<\/div>\n\t\t\t\t\t<\/div>\n\t\t<\/div>\n\t\t\t\t<div class=\"elementor-column elementor-col-50 elementor-top-column elementor-element elementor-element-02c745b\" data-id=\"02c745b\" data-element_type=\"column\" data-e-type=\"column\">\n\t\t\t<div class=\"elementor-widget-wrap elementor-element-populated\">\n\t\t\t\t\t\t<div class=\"elementor-element elementor-element-4cc0201 elementor-widget elementor-widget-text-editor\" data-id=\"4cc0201\" data-element_type=\"widget\" data-e-type=\"widget\" data-widget_type=\"text-editor.default\">\n\t\t\t\t<div class=\"elementor-widget-container\">\n\t\t\t\t\t\t\t\t\t<p><a href=\"http:\/\/sophromichele.fr\/index.php\/carnet-de-deuil\/\" target=\"_blank\" rel=\"noopener\"><span style=\"vertical-align: inherit;\"><span style=\"vertical-align: inherit;\">En savoir plus&#8230;<\/span><\/span><\/a><\/p>\t\t\t\t\t\t\t\t<\/div>\n\t\t\t\t<\/div>\n\t\t\t\t\t<\/div>\n\t\t<\/div>\n\t\t\t\t\t<\/div>\n\t\t<\/section>\n\t\t\t\t<\/div>\n\t\t","protected":false},"excerpt":{"rendered":"<p>Mich\u00e8le LATRON \u00a0 En tant que th\u00e9rapeute et dans le prolongement de mon m\u00e9tier initial d&rsquo;\u00e9ducatrice de jeunes enfants, j&rsquo;ai \u00e0 c\u0153ur d&rsquo;accompagner individuellement chaque personne le souhaitant. Chaque \u00eatre, chaque famille fait en fonction de son bagage, de son histoire&#8230; et de ses limites. Je souhaite que chacun puisse donner le meilleur de soi et se rassurer sur le fait qu&rsquo;il n&rsquo;y a pas de recette \u00e9ducative. Il me parait important, qu&rsquo;il puisse \u00eatre donn\u00e9 l&rsquo;occasion d&rsquo;\u00e9changes privil\u00e9gi\u00e9s, personnalis\u00e9s, o\u00f9 durant la s\u00e9ance, l&rsquo;enfant, l&rsquo;adolescent ou encore l&rsquo;adulte se sente quelqu&rsquo;un \u00e0 part enti\u00e8re. Je souhaite faire de mon cabinet, une parenth\u00e8se de bien-\u00eatre. Un endroit, o\u00f9 chaque personne pourra ne penser qu&rsquo;\u00e0 elle et \u00e0 ce qu&rsquo;elle aimerait pour elle.\u00a0 \u00a0\u00a0 \u00a0 Qu&rsquo;est ce que la sophrologie ? A qui s&rsquo;adresse-t-elle ? Pour quelles raisons ? Comment \u00e7a se passe ? La sophrologie est un outil exclusivement verbal. En savoir plus &#8230; La sophrologie est accessible aux personnes de tout \u00e2ge,\u00a0 En savoir plus &#8230; Elle mobilise les capacit\u00e9s et ressources qui existent en chacun.\u00a0 En savoir plus &#8230; Sur rendez vous uniquement.\u00a0 Les s\u00e9ances durent 1 heure. En savoir plus &#8230;\u00a0 Mes sp\u00e9cialit\u00e9s Sophro Atypiques L&rsquo;enfant atypique pr\u00e9sente des troubles de l&rsquo;apprentissage (DYS, TDA\/H) ou un fonctionnement particulier (HP, hypersensibilit\u00e9 &#8230;) Carnet de Deuil Le deuil s&rsquo;ouvre \u00e0 toute perte d\u00e9finitive dans une vie . En savoir plus&#8230; En savoir plus&#8230;<\/p>\n","protected":false},"author":1,"featured_media":0,"parent":0,"menu_order":0,"comment_status":"closed","ping_status":"closed","template":"elementor_header_footer","meta":{"footnotes":""},"class_list":["post-25","page","type-page","status-publish","hentry"],"_links":{"self":[{"href":"https:\/\/sophromichele.fr\/index.php\/wp-json\/wp\/v2\/pages\/25","targetHints":{"allow":["GET"]}}],"collection":[{"href":"https:\/\/sophromichele.fr\/index.php\/wp-json\/wp\/v2\/pages"}],"about":[{"href":"https:\/\/sophromichele.fr\/index.php\/wp-json\/wp\/v2\/types\/page"}],"author":[{"embeddable":true,"href":"https:\/\/sophromichele.fr\/index.php\/wp-json\/wp\/v2\/users\/1"}],"replies":[{"embeddable":true,"href":"https:\/\/sophromichele.fr\/index.php\/wp-json\/wp\/v2\/comments?post=25"}],"version-history":[{"count":462,"href":"https:\/\/sophromichele.fr\/index.php\/wp-json\/wp\/v2\/pages\/25\/revisions"}],"predecessor-version":[{"id":1214,"href":"https:\/\/sophromichele.fr\/index.php\/wp-json\/wp\/v2\/pages\/25\/revisions\/1214"}],"wp:attachment":[{"href":"https:\/\/sophromichele.fr\/index.php\/wp-json\/wp\/v2\/media?parent=25"}],"curies":[{"name":"wp","href":"https:\/\/api.w.org\/{rel}","templated":true}]}}